{"id":2877,"date":"2020-03-27T18:34:14","date_gmt":"2020-03-27T18:34:14","guid":{"rendered":"http:\/\/jugobar.com\/sitio_2019\/product\/vinagre-de-manzana\/"},"modified":"2026-02-04T19:48:45","modified_gmt":"2026-02-04T19:48:45","slug":"vinagre-de-manzana","status":"publish","type":"product","link":"https:\/\/lamisticanza.com\/en\/product\/vinagre-de-manzana\/","title":{"rendered":"EDEN Vinagre de Manzana Organico"},"content":{"rendered":"<p><strong> EDEN Vinagre de Manzana Organico,\u00a0 &#8211; 32 fl oz<\/strong><\/p>\n<p>Ingredientes: Vinagre de sidra de manzana org\u00e1nico<br \/>\nTama\u00f1o del paquete: 32 fl oz, 946 ml<\/p>\n<p>Para obtener el sabor y los beneficios del verdadero vinagre crudo &#8220;con la Madre&#8221;, elija EDEN.<\/p>","protected":false},"excerpt":{"rendered":"<p><strong>EDEN Vinagre de Manzana Organico,\u00a0 &#8211; 32 fl oz<\/strong><\/p>\n<p>El vinagre de sidra de manzana es tradicionalmente el vinagre m\u00e1s utilizado en Am\u00e9rica del Norte. Sus efectos calmantes, saludables y rejuvenecedores est\u00e1n muy bien reconocidos. El vinagre de sidra aplicado externamente se utiliza para aliviar las quemaduras solares, las picaduras de abejas, las picaduras de insectos, el pie de atleta, la caspa, el acn\u00e9. Tambi\u00e9n se usa generosamente para masajear los m\u00fasculos adoloridos. El vinagre ha proporcionado buena salud y entusiasmo a las personas durante m\u00e1s de 7.000 a\u00f1os.<\/p>\n<p>Para obtener el sabor y los beneficios del verdadero vinagre crudo &#8220;con la Madre&#8221;, elija EDEN.<\/p>\n<p>El vinagre de sidra de manzana org\u00e1nico EDEN es un ingrediente excelente para aderezos y salsas. Para hacer un t\u00f3nico Yankee de anta\u00f1o, combine dos cucharaditas de vinagre de sidra de manzana org\u00e1nico EDEN y una cucharadita de buena miel en una taza de agua. Una forma segura y eficaz de limpiar frutas y verduras: sum\u00e9rjalas en agua con un chorrito de vinagre de sidra de manzana org\u00e1nico EDEN.<\/p>","protected":false},"featured_media":5530,"comment_status":"open","ping_status":"closed","template":"","meta":[],"product_cat":[78,806,161,64,65,610],"product_tag":[126,89,506,182,131,508,109,95,494,24,25,507,505],"_links":{"self":[{"href":"https:\/\/lamisticanza.com\/en\/wp-json\/wp\/v2\/product\/2877"}],"collection":[{"href":"https:\/\/lamisticanza.com\/en\/wp-json\/wp\/v2\/product"}],"about":[{"href":"https:\/\/lamisticanza.com\/en\/wp-json\/wp\/v2\/types\/product"}],"replies":[{"embeddable":true,"href":"https:\/\/lamisticanza.com\/en\/wp-json\/wp\/v2\/comments?post=2877"}],"wp:featuredmedia":[{"embeddable":true,"href":"https:\/\/lamisticanza.com\/en\/wp-json\/wp\/v2\/media\/5530"}],"wp:attachment":[{"href":"https:\/\/lamisticanza.com\/en\/wp-json\/wp\/v2\/media?parent=2877"}],"wp:term":[{"taxonomy":"product_cat","embeddable":true,"href":"https:\/\/lamisticanza.com\/en\/wp-json\/wp\/v2\/product_cat?post=2877"},{"taxonomy":"product_tag","embeddable":true,"href":"https:\/\/lamisticanza.com\/en\/wp-json\/wp\/v2\/product_tag?post=2877"}],"curies":[{"name":"wp","href":"https:\/\/api.w.org\/{rel}","templated":true}]}}